{"id":117,"date":"2016-12-26T15:21:37","date_gmt":"2016-12-26T14:21:37","guid":{"rendered":"http:\/\/la-croix-du-verre.com\/?page_id=117"},"modified":"2019-05-17T14:23:49","modified_gmt":"2019-05-17T12:23:49","slug":"acces","status":"publish","type":"page","link":"http:\/\/la-croix-du-verre.com\/index.php\/fr\/acces\/","title":{"rendered":"Acc\u00e8s"},"content":{"rendered":"<p>Notre domaine se situe sur la commune de Larnage. Pour y acc\u00e9der, prendre\u00a0 l&rsquo;autoroute A7, sortie 13\u00a0 (sortie Tain l\u2019Hermitage). Au rond-point du p\u00e9age, prendre Tain l\u2019Hermitage centre, cave viticole, 2\u00e8me rond-point tout droit.<\/p>\n<p>Passer \u00e0 droite du pont de chemin de fer direction Larnage. Au feu, prendre \u00e0 droite puis\u00a0 prendre la route montant dans le vignoble pendant 3 km. Notre domaine se situe \u00e0 100 m sur la droite apr\u00e8s le panneau indiquant \u00ab\u00a0Pays de l&rsquo;Hermitage\u00a0\u00bb.<\/p>\n<p>Latitude : 45.094691\u00a0\u00a0\u00a0\u00a0\u00a0\u00a0 Longitude : 4.862242<\/p>\n<p><iframe loading=\"lazy\" style=\"border: 0;\" src=\"https:\/\/www.google.com\/maps\/embed?pb=!1m18!1m12!1m3!1d616.4746044072868!2d4.861653241600531!3d45.09448669859349!2m3!1f0!2f0!3f0!3m2!1i1024!2i768!4f13.1!3m3!1m2!1s0x47f544688fc10d75%3A0x6ac8cd5544b117b5!2sCave+Olivier+Dumaine!5e1!3m2!1sfr!2sfr!4v1482762160846\" width=\"600\" height=\"450\" frameborder=\"0\" allowfullscreen=\"allowfullscreen\"><\/iframe><\/p>\n","protected":false},"excerpt":{"rendered":"<p>Notre domaine se situe sur la commune de Larnage. Pour y acc\u00e9der, prendre\u00a0 l&rsquo;autoroute A7, sortie 13\u00a0 (sortie Tain l\u2019Hermitage). Au rond-point du p\u00e9age, prendre Tain l\u2019Hermitage centre, cave viticole, 2\u00e8me rond-point tout droit. Passer \u00e0 droite du pont de chemin de fer direction Larnage. Au feu, prendre \u00e0 droite puis\u00a0 prendre la route montant dans le vignoble pendant 3 km. Notre domaine se situe \u00e0 100 m sur la droite apr\u00e8s le panneau indiquant \u00ab\u00a0Pays de l&rsquo;Hermitage\u00a0\u00bb. Latitude :&#8230;<\/p>\n<p class=\"read-more\"><a class=\"btn btn-default\" href=\"http:\/\/la-croix-du-verre.com\/index.php\/fr\/acces\/\">Lire la suite<span class=\"screen-reader-text\"> Lire la suite<\/span><\/a><\/p>\n","protected":false},"author":1,"featured_media":0,"parent":0,"menu_order":0,"comment_status":"closed","ping_status":"closed","template":"","meta":{"footnotes":""},"_links":{"self":[{"href":"http:\/\/la-croix-du-verre.com\/index.php\/wp-json\/wp\/v2\/pages\/117"}],"collection":[{"href":"http:\/\/la-croix-du-verre.com\/index.php\/wp-json\/wp\/v2\/pages"}],"about":[{"href":"http:\/\/la-croix-du-verre.com\/index.php\/wp-json\/wp\/v2\/types\/page"}],"author":[{"embeddable":true,"href":"http:\/\/la-croix-du-verre.com\/index.php\/wp-json\/wp\/v2\/users\/1"}],"replies":[{"embeddable":true,"href":"http:\/\/la-croix-du-verre.com\/index.php\/wp-json\/wp\/v2\/comments?post=117"}],"version-history":[{"count":4,"href":"http:\/\/la-croix-du-verre.com\/index.php\/wp-json\/wp\/v2\/pages\/117\/revisions"}],"predecessor-version":[{"id":809,"href":"http:\/\/la-croix-du-verre.com\/index.php\/wp-json\/wp\/v2\/pages\/117\/revisions\/809"}],"wp:attachment":[{"href":"http:\/\/la-croix-du-verre.com\/index.php\/wp-json\/wp\/v2\/media?parent=117"}],"curies":[{"name":"wp","href":"https:\/\/api.w.org\/{rel}","templated":true}]}}