{"id":125,"date":"2016-12-26T15:30:30","date_gmt":"2016-12-26T14:30:30","guid":{"rendered":"http:\/\/la-croix-du-verre.com\/?page_id=125"},"modified":"2016-12-28T17:43:41","modified_gmt":"2016-12-28T16:43:41","slug":"nous-contacter","status":"publish","type":"page","link":"http:\/\/la-croix-du-verre.com\/index.php\/fr\/nous-contacter\/","title":{"rendered":"Nous Contacter"},"content":{"rendered":"<p>Vous \u00eates en vacances et vous souhaitez d\u00e9couvrir la Dr\u00f4me des collines ? Vous \u00eates un VRP lass\u00e9 des chambres d&rsquo;h\u00f4tels ?<\/p>\n<p>N&rsquo;h\u00e9sitez pas \u00e0 nous contacter, nous vous accueillerons avec grand plaisir \u00e0 la Croix du Verre.<\/p>\n<p>Pour r\u00e9server :<br \/>\nT\u00e9l\u00e9phone Chambres d\u2019H\u00f4tes\u00a0 : +33 (0)4 75 07 26 29<br \/>\nCellulaire Chambres d&rsquo;H\u00f4tes : +33 (0)6 30 35 15 88<br \/>\nCellulaire Exploitation Viticole : +33 (0)6 09 86 65 57<br \/>\nCourriel : <a href=\"mailto:dumaineo@la-croix-du-verre.com\">dumaineo@la-croix-du-verre.com<\/a><\/p>\n","protected":false},"excerpt":{"rendered":"<p>Vous \u00eates en vacances et vous souhaitez d\u00e9couvrir la Dr\u00f4me des collines ? Vous \u00eates un VRP lass\u00e9 des chambres d&rsquo;h\u00f4tels ? N&rsquo;h\u00e9sitez pas \u00e0 nous contacter, nous vous accueillerons avec grand plaisir \u00e0 la Croix du Verre. Pour r\u00e9server : T\u00e9l\u00e9phone Chambres d\u2019H\u00f4tes\u00a0 : +33 (0)4 75 07 26 29 Cellulaire Chambres d&rsquo;H\u00f4tes : +33 (0)6 30 35 15 88 Cellulaire Exploitation Viticole : +33 (0)6 09 86 65 57 Courriel : dumaineo@la-croix-du-verre.com<\/p>\n","protected":false},"author":1,"featured_media":0,"parent":0,"menu_order":0,"comment_status":"closed","ping_status":"closed","template":"","meta":{"footnotes":""},"_links":{"self":[{"href":"http:\/\/la-croix-du-verre.com\/index.php\/wp-json\/wp\/v2\/pages\/125"}],"collection":[{"href":"http:\/\/la-croix-du-verre.com\/index.php\/wp-json\/wp\/v2\/pages"}],"about":[{"href":"http:\/\/la-croix-du-verre.com\/index.php\/wp-json\/wp\/v2\/types\/page"}],"author":[{"embeddable":true,"href":"http:\/\/la-croix-du-verre.com\/index.php\/wp-json\/wp\/v2\/users\/1"}],"replies":[{"embeddable":true,"href":"http:\/\/la-croix-du-verre.com\/index.php\/wp-json\/wp\/v2\/comments?post=125"}],"version-history":[{"count":5,"href":"http:\/\/la-croix-du-verre.com\/index.php\/wp-json\/wp\/v2\/pages\/125\/revisions"}],"predecessor-version":[{"id":671,"href":"http:\/\/la-croix-du-verre.com\/index.php\/wp-json\/wp\/v2\/pages\/125\/revisions\/671"}],"wp:attachment":[{"href":"http:\/\/la-croix-du-verre.com\/index.php\/wp-json\/wp\/v2\/media?parent=125"}],"curies":[{"name":"wp","href":"https:\/\/api.w.org\/{rel}","templated":true}]}}