{"id":25,"date":"2016-12-26T13:53:45","date_gmt":"2016-12-26T12:53:45","guid":{"rendered":"http:\/\/la-croix-du-verre.com\/?page_id=25"},"modified":"2021-05-18T18:47:23","modified_gmt":"2021-05-18T16:47:23","slug":"presentation","status":"publish","type":"page","link":"http:\/\/la-croix-du-verre.com\/index.php\/fr\/les-chambres-dhotes\/presentation\/","title":{"rendered":"Pr\u00e9sentation"},"content":{"rendered":"<p><a href=\"http:\/\/www.gites-de-france-drome.com\/\" target=\"_blank\" rel=\"noopener noreferrer\"><img decoding=\"async\" loading=\"lazy\" class=\"size-full wp-image-147 alignnone aligncenter\" src=\"http:\/\/la-croix-du-verre.com\/wp-content\/uploads\/2016\/12\/gites_france_charmance.png\" alt=\"\" width=\"201\" height=\"72\" \/><\/a>Maryline et Olivier se feront un plaisir de vous recevoir dans une maison de caract\u00e8re, typique de la vall\u00e9e du Rh\u00f4ne, situ\u00e9e au c\u0153ur du vignoble de Crozes-Hermitage.<\/p>\n<p>\r\n\t<div class=\"slideshow_container slideshow_container_style-light\" style=\" \" data-slideshow-id=\"581\" data-style-name=\"style-light\" data-style-version=\"2.3.1\" >\r\n\r\n\t\t\t\t\t<div class=\"slideshow_loading_icon\"><\/div>\r\n\t\t\r\n\t\t<div class=\"slideshow_content\" style=\"display: none;\">\r\n\r\n\t\t\t<div class=\"slideshow_view\">\r\n\t\t\t\t<div class=\"slideshow_slide slideshow_slide_image\">\r\n\t\t\t\t\t\t\t\t\t\t\t<img src=\"http:\/\/la-croix-du-verre.com\/wp-content\/uploads\/2016\/12\/CH156720-Petitde_j-06.jpg\" alt=\"CH156720-Petitde_j-06\" width=\"2268\" height=\"1442\" \/>\r\n\t\t\t\t\t\t\t\t\t\t<div class=\"slideshow_description_box slideshow_transparent\">\r\n\t\t\t\t\t\t<div class=\"slideshow_title\">CH156720-Petitde_j-06<\/div>\t\t\t\t\t\t\t\t\t\t\t<\/div>\r\n\t\t\t\t<\/div>\r\n\r\n\t\t\t\t\t\t<div style=\"clear: both;\"><\/div><\/div><div class=\"slideshow_view\">\r\n\t\t\t\t<div class=\"slideshow_slide slideshow_slide_image\">\r\n\t\t\t\t\t\t\t\t\t\t\t<img src=\"http:\/\/la-croix-du-verre.com\/wp-content\/uploads\/2016\/12\/CH156720-Petitde_j-05.jpg\" alt=\"CH156720-Petitde_j-05\" width=\"2268\" height=\"1559\" \/>\r\n\t\t\t\t\t\t\t\t\t\t<div class=\"slideshow_description_box slideshow_transparent\">\r\n\t\t\t\t\t\t<div class=\"slideshow_title\">CH156720-Petitde_j-05<\/div>\t\t\t\t\t\t\t\t\t\t\t<\/div>\r\n\t\t\t\t<\/div>\r\n\r\n\t\t\t\t\t\t<div style=\"clear: both;\"><\/div><\/div><div class=\"slideshow_view\">\r\n\t\t\t\t<div class=\"slideshow_slide slideshow_slide_image\">\r\n\t\t\t\t\t\t\t\t\t\t\t<img src=\"http:\/\/la-croix-du-verre.com\/wp-content\/uploads\/2016\/12\/CH156720-Petitde_j-04.jpg\" alt=\"CH156720-Petitde_j-04\" width=\"2268\" height=\"1462\" \/>\r\n\t\t\t\t\t\t\t\t\t\t<div class=\"slideshow_description_box slideshow_transparent\">\r\n\t\t\t\t\t\t<div class=\"slideshow_title\">CH156720-Petitde_j-04<\/div>\t\t\t\t\t\t\t\t\t\t\t<\/div>\r\n\t\t\t\t<\/div>\r\n\r\n\t\t\t\t\t\t<div style=\"clear: both;\"><\/div><\/div><div class=\"slideshow_view\">\r\n\t\t\t\t<div class=\"slideshow_slide slideshow_slide_image\">\r\n\t\t\t\t\t\t\t\t\t\t\t<img src=\"http:\/\/la-croix-du-verre.com\/wp-content\/uploads\/2016\/12\/CH156720-Petitde_j-02.jpg\" alt=\"CH156720-Petitde_j-02\" width=\"2268\" height=\"1512\" \/>\r\n\t\t\t\t\t\t\t\t\t\t<div class=\"slideshow_description_box slideshow_transparent\">\r\n\t\t\t\t\t\t<div class=\"slideshow_title\">CH156720-Petitde_j-02<\/div>\t\t\t\t\t\t\t\t\t\t\t<\/div>\r\n\t\t\t\t<\/div>\r\n\r\n\t\t\t\t\t\t<div style=\"clear: both;\"><\/div><\/div><div class=\"slideshow_view\">\r\n\t\t\t\t<div class=\"slideshow_slide slideshow_slide_image\">\r\n\t\t\t\t\t\t\t\t\t\t\t<img src=\"http:\/\/la-croix-du-verre.com\/wp-content\/uploads\/2016\/12\/CH156720-Petitde_j-01.jpg\" alt=\"CH156720-Petitde_j-01\" width=\"2268\" height=\"1519\" \/>\r\n\t\t\t\t\t\t\t\t\t\t<div class=\"slideshow_description_box slideshow_transparent\">\r\n\t\t\t\t\t\t<div class=\"slideshow_title\">CH156720-Petitde_j-01<\/div>\t\t\t\t\t\t\t\t\t\t\t<\/div>\r\n\t\t\t\t<\/div>\r\n\r\n\t\t\t\t\t\t<div style=\"clear: both;\"><\/div><\/div><div class=\"slideshow_view\">\r\n\t\t\t\t<div class=\"slideshow_slide slideshow_slide_image\">\r\n\t\t\t\t\t\t\t\t\t\t\t<img src=\"http:\/\/la-croix-du-verre.com\/wp-content\/uploads\/2016\/12\/CH156720-Exte_rieur-01.jpg\" alt=\"CH156720-Exte_rieur-01\" width=\"2268\" height=\"1468\" \/>\r\n\t\t\t\t\t\t\t\t\t\t<div class=\"slideshow_description_box slideshow_transparent\">\r\n\t\t\t\t\t\t<div class=\"slideshow_title\">CH156720-Exte_rieur-01<\/div>\t\t\t\t\t\t\t\t\t\t\t<\/div>\r\n\t\t\t\t<\/div>\r\n\r\n\t\t\t\t\t\t<div style=\"clear: both;\"><\/div><\/div><div class=\"slideshow_view\">\r\n\t\t\t\t<div class=\"slideshow_slide slideshow_slide_image\">\r\n\t\t\t\t\t\t\t\t\t\t\t<img src=\"http:\/\/la-croix-du-verre.com\/wp-content\/uploads\/2016\/12\/CH156720-Exte_rieur-02.jpg\" alt=\"CH156720-Exte_rieur-02\" width=\"2268\" height=\"1514\" \/>\r\n\t\t\t\t\t\t\t\t\t\t<div class=\"slideshow_description_box slideshow_transparent\">\r\n\t\t\t\t\t\t<div class=\"slideshow_title\">CH156720-Exte_rieur-02<\/div>\t\t\t\t\t\t\t\t\t\t\t<\/div>\r\n\t\t\t\t<\/div>\r\n\r\n\t\t\t\t\t\t<div style=\"clear: both;\"><\/div><\/div><div class=\"slideshow_view\">\r\n\t\t\t\t<div class=\"slideshow_slide slideshow_slide_image\">\r\n\t\t\t\t\t\t\t\t\t\t\t<img src=\"http:\/\/la-croix-du-verre.com\/wp-content\/uploads\/2016\/12\/CH156720-Exte_rieur-04.jpg\" alt=\"CH156720-Exte_rieur-04\" width=\"2268\" height=\"1479\" \/>\r\n\t\t\t\t\t\t\t\t\t\t<div class=\"slideshow_description_box slideshow_transparent\">\r\n\t\t\t\t\t\t<div class=\"slideshow_title\">CH156720-Exte_rieur-04<\/div>\t\t\t\t\t\t\t\t\t\t\t<\/div>\r\n\t\t\t\t<\/div>\r\n\r\n\t\t\t\t\t\t<div style=\"clear: both;\"><\/div><\/div><div class=\"slideshow_view\">\r\n\t\t\t\t<div class=\"slideshow_slide slideshow_slide_image\">\r\n\t\t\t\t\t\t\t\t\t\t\t<img src=\"http:\/\/la-croix-du-verre.com\/wp-content\/uploads\/2016\/12\/CH156720-Exte_rieur-05.jpg\" alt=\"CH156720-Exte_rieur-05\" width=\"2268\" height=\"1418\" \/>\r\n\t\t\t\t\t\t\t\t\t\t<div class=\"slideshow_description_box slideshow_transparent\">\r\n\t\t\t\t\t\t<div class=\"slideshow_title\">CH156720-Exte_rieur-05<\/div>\t\t\t\t\t\t\t\t\t\t\t<\/div>\r\n\t\t\t\t<\/div>\r\n\r\n\t\t\t\t\t\t<div style=\"clear: both;\"><\/div><\/div>\r\n\t\t<\/div>\r\n\r\n\t\t<div class=\"slideshow_controlPanel slideshow_transparent\" style=\"display: none;\"><ul><li class=\"slideshow_togglePlay\" data-play-text=\"Play\" data-pause-text=\"Pause\"><\/li><\/ul><\/div>\r\n\r\n\t\t<div class=\"slideshow_button slideshow_previous slideshow_transparent\" role=\"button\" data-previous-text=\"Previous\" style=\"display: none;\"><\/div>\r\n\t\t<div class=\"slideshow_button slideshow_next slideshow_transparent\" role=\"button\" data-next-text=\"Next\" style=\"display: none;\"><\/div>\r\n\r\n\t\t<div class=\"slideshow_pagination\" style=\"display: none;\" data-go-to-text=\"Go to slide\"><div class=\"slideshow_pagination_center\"><\/div><\/div>\r\n\r\n\t\t<!-- WordPress Slideshow Version 2.3.1 -->\r\n\r\n\t\t\t<\/div>\r\n\r\n<br \/>\nDeux chambres de 25 m2 avec salles de bain ind\u00e9pendantes sont \u00e0 votre disposition ainsi qu&rsquo;un salon au rez-de-chauss\u00e9e.<\/p>\n<p>Prix 2021: 70 \u20ac la nuit\u00e9e pour deux personnes, 65 \u20ac pour une personne, petit d\u00e9jeuner compris .<\/p>\n<p>Acc\u00e8s \u00e0 Internet par Wifi gratuit.<\/p>\n<p><strong>Animaux interdits<\/strong><\/p>\n<p><strong>Le Salon<\/strong><\/p>\n<p>Au rez-de-chauss\u00e9e, un salon \u00e9quip\u00e9 de fauteuils et d&rsquo;un divan avec chemin\u00e9e, biblioth\u00e8que et jeux de soci\u00e9t\u00e9 vous permettra de passer une agr\u00e9able soir\u00e9e avant d&rsquo;aller dans les bras de Morph\u00e9e.<\/p>\n\r\n\t<div class=\"slideshow_container slideshow_container_style-light\" style=\" \" data-slideshow-id=\"568\" data-style-name=\"style-light\" data-style-version=\"2.3.1\" >\r\n\r\n\t\t\t\t\t<div class=\"slideshow_loading_icon\"><\/div>\r\n\t\t\r\n\t\t<div class=\"slideshow_content\" style=\"display: none;\">\r\n\r\n\t\t\t<div class=\"slideshow_view\">\r\n\t\t\t\t<div class=\"slideshow_slide slideshow_slide_image\">\r\n\t\t\t\t\t\t\t\t\t\t\t<img src=\"http:\/\/la-croix-du-verre.com\/wp-content\/uploads\/2016\/12\/CH156720-Salon-07.jpg\" alt=\"CH156720-Salon-07\" width=\"2268\" height=\"1514\" \/>\r\n\t\t\t\t\t\t\t\t\t\t<div class=\"slideshow_description_box slideshow_transparent\">\r\n\t\t\t\t\t\t<div class=\"slideshow_title\">CH156720-Salon-07<\/div>\t\t\t\t\t\t\t\t\t\t\t<\/div>\r\n\t\t\t\t<\/div>\r\n\r\n\t\t\t\t\t\t<div style=\"clear: both;\"><\/div><\/div><div class=\"slideshow_view\">\r\n\t\t\t\t<div class=\"slideshow_slide slideshow_slide_image\">\r\n\t\t\t\t\t\t\t\t\t\t\t<img src=\"http:\/\/la-croix-du-verre.com\/wp-content\/uploads\/2016\/12\/CH156720-Salon-06.jpg\" alt=\"CH156720-Salon-06\" width=\"2268\" height=\"1488\" \/>\r\n\t\t\t\t\t\t\t\t\t\t<div class=\"slideshow_description_box slideshow_transparent\">\r\n\t\t\t\t\t\t<div class=\"slideshow_title\">CH156720-Salon-06<\/div>\t\t\t\t\t\t\t\t\t\t\t<\/div>\r\n\t\t\t\t<\/div>\r\n\r\n\t\t\t\t\t\t<div style=\"clear: both;\"><\/div><\/div><div class=\"slideshow_view\">\r\n\t\t\t\t<div class=\"slideshow_slide slideshow_slide_image\">\r\n\t\t\t\t\t\t\t\t\t\t\t<img src=\"http:\/\/la-croix-du-verre.com\/wp-content\/uploads\/2016\/12\/CH156720-Salon-05.jpg\" alt=\"CH156720-Salon-05\" width=\"2268\" height=\"1512\" \/>\r\n\t\t\t\t\t\t\t\t\t\t<div class=\"slideshow_description_box slideshow_transparent\">\r\n\t\t\t\t\t\t<div class=\"slideshow_title\">CH156720-Salon-05<\/div>\t\t\t\t\t\t\t\t\t\t\t<\/div>\r\n\t\t\t\t<\/div>\r\n\r\n\t\t\t\t\t\t<div style=\"clear: both;\"><\/div><\/div><div class=\"slideshow_view\">\r\n\t\t\t\t<div class=\"slideshow_slide slideshow_slide_image\">\r\n\t\t\t\t\t\t\t\t\t\t\t<img src=\"http:\/\/la-croix-du-verre.com\/wp-content\/uploads\/2016\/12\/CH156720-Salon-04.jpg\" alt=\"CH156720-Salon-04\" width=\"2268\" height=\"1571\" \/>\r\n\t\t\t\t\t\t\t\t\t\t<div class=\"slideshow_description_box slideshow_transparent\">\r\n\t\t\t\t\t\t<div class=\"slideshow_title\">CH156720-Salon-04<\/div>\t\t\t\t\t\t\t\t\t\t\t<\/div>\r\n\t\t\t\t<\/div>\r\n\r\n\t\t\t\t\t\t<div style=\"clear: both;\"><\/div><\/div><div class=\"slideshow_view\">\r\n\t\t\t\t<div class=\"slideshow_slide slideshow_slide_image\">\r\n\t\t\t\t\t\t\t\t\t\t\t<img src=\"http:\/\/la-croix-du-verre.com\/wp-content\/uploads\/2016\/12\/CH156720-Salon-03.jpg\" alt=\"CH156720-Salon-03\" width=\"2268\" height=\"1512\" \/>\r\n\t\t\t\t\t\t\t\t\t\t<div class=\"slideshow_description_box slideshow_transparent\">\r\n\t\t\t\t\t\t<div class=\"slideshow_title\">CH156720-Salon-03<\/div>\t\t\t\t\t\t\t\t\t\t\t<\/div>\r\n\t\t\t\t<\/div>\r\n\r\n\t\t\t\t\t\t<div style=\"clear: both;\"><\/div><\/div><div class=\"slideshow_view\">\r\n\t\t\t\t<div class=\"slideshow_slide slideshow_slide_image\">\r\n\t\t\t\t\t\t\t\t\t\t\t<img src=\"http:\/\/la-croix-du-verre.com\/wp-content\/uploads\/2016\/12\/CH156720-Salon-02.jpg\" alt=\"CH156720-Salon-02\" width=\"2268\" height=\"1512\" \/>\r\n\t\t\t\t\t\t\t\t\t\t<div class=\"slideshow_description_box slideshow_transparent\">\r\n\t\t\t\t\t\t<div class=\"slideshow_title\">CH156720-Salon-02<\/div>\t\t\t\t\t\t\t\t\t\t\t<\/div>\r\n\t\t\t\t<\/div>\r\n\r\n\t\t\t\t\t\t<div style=\"clear: both;\"><\/div><\/div><div class=\"slideshow_view\">\r\n\t\t\t\t<div class=\"slideshow_slide slideshow_slide_image\">\r\n\t\t\t\t\t\t\t\t\t\t\t<img src=\"http:\/\/la-croix-du-verre.com\/wp-content\/uploads\/2016\/12\/CH156720-Salon-01.jpg\" alt=\"CH156720-Salon-01\" width=\"2268\" height=\"1512\" \/>\r\n\t\t\t\t\t\t\t\t\t\t<div class=\"slideshow_description_box slideshow_transparent\">\r\n\t\t\t\t\t\t<div class=\"slideshow_title\">CH156720-Salon-01<\/div>\t\t\t\t\t\t\t\t\t\t\t<\/div>\r\n\t\t\t\t<\/div>\r\n\r\n\t\t\t\t\t\t<div style=\"clear: both;\"><\/div><\/div>\r\n\t\t<\/div>\r\n\r\n\t\t<div class=\"slideshow_controlPanel slideshow_transparent\" style=\"display: none;\"><ul><li class=\"slideshow_togglePlay\" data-play-text=\"Play\" data-pause-text=\"Pause\"><\/li><\/ul><\/div>\r\n\r\n\t\t<div class=\"slideshow_button slideshow_previous slideshow_transparent\" role=\"button\" data-previous-text=\"Previous\" style=\"display: none;\"><\/div>\r\n\t\t<div class=\"slideshow_button slideshow_next slideshow_transparent\" role=\"button\" data-next-text=\"Next\" style=\"display: none;\"><\/div>\r\n\r\n\t\t<div class=\"slideshow_pagination\" style=\"display: none;\" data-go-to-text=\"Go to slide\"><div class=\"slideshow_pagination_center\"><\/div><\/div>\r\n\r\n\t\t<!-- WordPress Slideshow Version 2.3.1 -->\r\n\r\n\t\t\t<\/div>\r\n\r\n\n<p><strong><br \/>\nLes Chambres<\/strong><\/p>\n<p>A l&rsquo;\u00e9tage, nous vous proposons deux chambres d&rsquo;inspiration campagnarde dot\u00e9es de tout le confort : salle de bain, douches \u00e0 l&rsquo;italienne, sanitaires privatifs.<\/p>\n<p>Ces chambres sont orient\u00e9es \u00e0 l&rsquo;est. Elles portent le nom des c\u00e9pages de notre vignoble :<\/p>\n<ul>\n<li><a href=\"http:\/\/la-croix-du-verre.com\/index.php\/fr\/les-chambres-dhotes\/la-chambre-marsanne\/\">la Marsanne<\/a><\/li>\n<li>et <a href=\"http:\/\/la-croix-du-verre.com\/index.php\/fr\/les-chambres-dhotes\/la-chambre-syrah\/\">la Syrah<\/a>.<\/li>\n<\/ul>\n","protected":false},"excerpt":{"rendered":"<p>Maryline et Olivier se feront un plaisir de vous recevoir dans une maison de caract\u00e8re, typique de la vall\u00e9e du Rh\u00f4ne, situ\u00e9e au c\u0153ur du vignoble de Crozes-Hermitage. Deux chambres de 25 m2 avec salles de bain ind\u00e9pendantes sont \u00e0 votre disposition ainsi qu&rsquo;un salon au rez-de-chauss\u00e9e. Prix 2021: 70 \u20ac la nuit\u00e9e pour deux personnes, 65 \u20ac pour une personne, petit d\u00e9jeuner compris . Acc\u00e8s \u00e0 Internet par Wifi gratuit. Animaux interdits Le Salon Au rez-de-chauss\u00e9e, un salon \u00e9quip\u00e9&#8230;<\/p>\n<p class=\"read-more\"><a class=\"btn btn-default\" href=\"http:\/\/la-croix-du-verre.com\/index.php\/fr\/les-chambres-dhotes\/presentation\/\">Lire la suite<span class=\"screen-reader-text\"> Lire la suite<\/span><\/a><\/p>\n","protected":false},"author":1,"featured_media":0,"parent":21,"menu_order":0,"comment_status":"closed","ping_status":"closed","template":"","meta":{"footnotes":""},"_links":{"self":[{"href":"http:\/\/la-croix-du-verre.com\/index.php\/wp-json\/wp\/v2\/pages\/25"}],"collection":[{"href":"http:\/\/la-croix-du-verre.com\/index.php\/wp-json\/wp\/v2\/pages"}],"about":[{"href":"http:\/\/la-croix-du-verre.com\/index.php\/wp-json\/wp\/v2\/types\/page"}],"author":[{"embeddable":true,"href":"http:\/\/la-croix-du-verre.com\/index.php\/wp-json\/wp\/v2\/users\/1"}],"replies":[{"embeddable":true,"href":"http:\/\/la-croix-du-verre.com\/index.php\/wp-json\/wp\/v2\/comments?post=25"}],"version-history":[{"count":12,"href":"http:\/\/la-croix-du-verre.com\/index.php\/wp-json\/wp\/v2\/pages\/25\/revisions"}],"predecessor-version":[{"id":811,"href":"http:\/\/la-croix-du-verre.com\/index.php\/wp-json\/wp\/v2\/pages\/25\/revisions\/811"}],"up":[{"embeddable":true,"href":"http:\/\/la-croix-du-verre.com\/index.php\/wp-json\/wp\/v2\/pages\/21"}],"wp:attachment":[{"href":"http:\/\/la-croix-du-verre.com\/index.php\/wp-json\/wp\/v2\/media?parent=25"}],"curies":[{"name":"wp","href":"https:\/\/api.w.org\/{rel}","templated":true}]}}