{"id":34,"date":"2016-12-26T14:08:41","date_gmt":"2016-12-26T13:08:41","guid":{"rendered":"http:\/\/la-croix-du-verre.com\/?page_id=34"},"modified":"2016-12-28T16:10:43","modified_gmt":"2016-12-28T15:10:43","slug":"la-chambre-marsanne","status":"publish","type":"page","link":"http:\/\/la-croix-du-verre.com\/index.php\/fr\/les-chambres-dhotes\/la-chambre-marsanne\/","title":{"rendered":"La Chambre Marsanne"},"content":{"rendered":"<p>Cette chambre luxueuse et apaisante empreinte d&rsquo;un m\u00e9lange de modernisme et d&rsquo;ancien aux tonalit\u00e9s de bleu avec des tentures en toile de Jouy et un grand lit (160 cm) \u00e0 baldaquin s&rsquo;appuyant contre un mur en authentiques galets du Rh\u00f4ne vous permettra de vous reposer et de r\u00eaver \u00e0 la belle \u00e9poque.<\/p>\n\r\n\t<div class=\"slideshow_container slideshow_container_style-light\" style=\" \" data-slideshow-id=\"600\" data-style-name=\"style-light\" data-style-version=\"2.3.1\" >\r\n\r\n\t\t\t\t\t<div class=\"slideshow_loading_icon\"><\/div>\r\n\t\t\r\n\t\t<div class=\"slideshow_content\" style=\"display: none;\">\r\n\r\n\t\t\t<div class=\"slideshow_view\">\r\n\t\t\t\t<div class=\"slideshow_slide slideshow_slide_image\">\r\n\t\t\t\t\t\t\t\t\t\t\t<img src=\"http:\/\/la-croix-du-verre.com\/wp-content\/uploads\/2016\/12\/CH156720-Chambre2-01.jpg\" alt=\"CH156720-Chambre2-01\" width=\"2268\" height=\"1517\" \/>\r\n\t\t\t\t\t\t\t\t\t\t<div class=\"slideshow_description_box slideshow_transparent\">\r\n\t\t\t\t\t\t<div class=\"slideshow_title\">CH156720-Chambre2-01<\/div>\t\t\t\t\t\t\t\t\t\t\t<\/div>\r\n\t\t\t\t<\/div>\r\n\r\n\t\t\t\t\t\t<div style=\"clear: both;\"><\/div><\/div><div class=\"slideshow_view\">\r\n\t\t\t\t<div class=\"slideshow_slide slideshow_slide_image\">\r\n\t\t\t\t\t\t\t\t\t\t\t<img src=\"http:\/\/la-croix-du-verre.com\/wp-content\/uploads\/2016\/12\/CH156720-Chambre2-02.jpg\" alt=\"CH156720-Chambre2-02\" width=\"2268\" height=\"1512\" \/>\r\n\t\t\t\t\t\t\t\t\t\t<div class=\"slideshow_description_box slideshow_transparent\">\r\n\t\t\t\t\t\t<div class=\"slideshow_title\">CH156720-Chambre2-02<\/div>\t\t\t\t\t\t\t\t\t\t\t<\/div>\r\n\t\t\t\t<\/div>\r\n\r\n\t\t\t\t\t\t<div style=\"clear: both;\"><\/div><\/div><div class=\"slideshow_view\">\r\n\t\t\t\t<div class=\"slideshow_slide slideshow_slide_image\">\r\n\t\t\t\t\t\t\t\t\t\t\t<img src=\"http:\/\/la-croix-du-verre.com\/wp-content\/uploads\/2016\/12\/CH156720-Chambre2-03.jpg\" alt=\"CH156720-Chambre2-03\" width=\"2268\" height=\"1512\" \/>\r\n\t\t\t\t\t\t\t\t\t\t<div class=\"slideshow_description_box slideshow_transparent\">\r\n\t\t\t\t\t\t<div class=\"slideshow_title\">CH156720-Chambre2-03<\/div>\t\t\t\t\t\t\t\t\t\t\t<\/div>\r\n\t\t\t\t<\/div>\r\n\r\n\t\t\t\t\t\t<div style=\"clear: both;\"><\/div><\/div><div class=\"slideshow_view\">\r\n\t\t\t\t<div class=\"slideshow_slide slideshow_slide_image\">\r\n\t\t\t\t\t\t\t\t\t\t\t<img src=\"http:\/\/la-croix-du-verre.com\/wp-content\/uploads\/2016\/12\/CH156720-Chambre2-04.jpg\" alt=\"CH156720-Chambre2-04\" width=\"2268\" height=\"1559\" \/>\r\n\t\t\t\t\t\t\t\t\t\t<div class=\"slideshow_description_box slideshow_transparent\">\r\n\t\t\t\t\t\t<div class=\"slideshow_title\">CH156720-Chambre2-04<\/div>\t\t\t\t\t\t\t\t\t\t\t<\/div>\r\n\t\t\t\t<\/div>\r\n\r\n\t\t\t\t\t\t<div style=\"clear: both;\"><\/div><\/div><div class=\"slideshow_view\">\r\n\t\t\t\t<div class=\"slideshow_slide slideshow_slide_image\">\r\n\t\t\t\t\t\t\t\t\t\t\t<img src=\"http:\/\/la-croix-du-verre.com\/wp-content\/uploads\/2016\/12\/CH156720-Chambre2-05.jpg\" alt=\"CH156720-Chambre2-05\" width=\"2268\" height=\"1512\" \/>\r\n\t\t\t\t\t\t\t\t\t\t<div class=\"slideshow_description_box slideshow_transparent\">\r\n\t\t\t\t\t\t<div class=\"slideshow_title\">CH156720-Chambre2-05<\/div>\t\t\t\t\t\t\t\t\t\t\t<\/div>\r\n\t\t\t\t<\/div>\r\n\r\n\t\t\t\t\t\t<div style=\"clear: both;\"><\/div><\/div><div class=\"slideshow_view\">\r\n\t\t\t\t<div class=\"slideshow_slide slideshow_slide_image\">\r\n\t\t\t\t\t\t\t\t\t\t\t<img src=\"http:\/\/la-croix-du-verre.com\/wp-content\/uploads\/2016\/12\/CH156720-Chambre2-06.jpg\" alt=\"CH156720-Chambre2-06\" width=\"2268\" height=\"1544\" \/>\r\n\t\t\t\t\t\t\t\t\t\t<div class=\"slideshow_description_box slideshow_transparent\">\r\n\t\t\t\t\t\t<div class=\"slideshow_title\">CH156720-Chambre2-06<\/div>\t\t\t\t\t\t\t\t\t\t\t<\/div>\r\n\t\t\t\t<\/div>\r\n\r\n\t\t\t\t\t\t<div style=\"clear: both;\"><\/div><\/div><div class=\"slideshow_view\">\r\n\t\t\t\t<div class=\"slideshow_slide slideshow_slide_image\">\r\n\t\t\t\t\t\t\t\t\t\t\t<img src=\"http:\/\/la-croix-du-verre.com\/wp-content\/uploads\/2016\/12\/CH156720-Chambre2-07.jpg\" alt=\"CH156720-Chambre2-07\" width=\"2268\" height=\"1483\" \/>\r\n\t\t\t\t\t\t\t\t\t\t<div class=\"slideshow_description_box slideshow_transparent\">\r\n\t\t\t\t\t\t<div class=\"slideshow_title\">CH156720-Chambre2-07<\/div>\t\t\t\t\t\t\t\t\t\t\t<\/div>\r\n\t\t\t\t<\/div>\r\n\r\n\t\t\t\t\t\t<div style=\"clear: both;\"><\/div><\/div><div class=\"slideshow_view\">\r\n\t\t\t\t<div class=\"slideshow_slide slideshow_slide_image\">\r\n\t\t\t\t\t\t\t\t\t\t\t<img src=\"http:\/\/la-croix-du-verre.com\/wp-content\/uploads\/2016\/12\/CH156720-Chambre2-08.jpg\" alt=\"CH156720-Chambre2-08\" width=\"2268\" height=\"1512\" \/>\r\n\t\t\t\t\t\t\t\t\t\t<div class=\"slideshow_description_box slideshow_transparent\">\r\n\t\t\t\t\t\t<div class=\"slideshow_title\">CH156720-Chambre2-08<\/div>\t\t\t\t\t\t\t\t\t\t\t<\/div>\r\n\t\t\t\t<\/div>\r\n\r\n\t\t\t\t\t\t<div style=\"clear: both;\"><\/div><\/div><div class=\"slideshow_view\">\r\n\t\t\t\t<div class=\"slideshow_slide slideshow_slide_image\">\r\n\t\t\t\t\t\t\t\t\t\t\t<img src=\"http:\/\/la-croix-du-verre.com\/wp-content\/uploads\/2016\/12\/CH156720-Chambre2-09.jpg\" alt=\"CH156720-Chambre2-09\" width=\"2268\" height=\"1512\" \/>\r\n\t\t\t\t\t\t\t\t\t\t<div class=\"slideshow_description_box slideshow_transparent\">\r\n\t\t\t\t\t\t<div class=\"slideshow_title\">CH156720-Chambre2-09<\/div>\t\t\t\t\t\t\t\t\t\t\t<\/div>\r\n\t\t\t\t<\/div>\r\n\r\n\t\t\t\t\t\t<div style=\"clear: both;\"><\/div><\/div><div class=\"slideshow_view\">\r\n\t\t\t\t<div class=\"slideshow_slide slideshow_slide_image\">\r\n\t\t\t\t\t\t\t\t\t\t\t<img src=\"http:\/\/la-croix-du-verre.com\/wp-content\/uploads\/2016\/12\/CH156720-Chambre2-10.jpg\" alt=\"CH156720-Chambre2-10\" width=\"2268\" height=\"1492\" \/>\r\n\t\t\t\t\t\t\t\t\t\t<div class=\"slideshow_description_box slideshow_transparent\">\r\n\t\t\t\t\t\t<div class=\"slideshow_title\">CH156720-Chambre2-10<\/div>\t\t\t\t\t\t\t\t\t\t\t<\/div>\r\n\t\t\t\t<\/div>\r\n\r\n\t\t\t\t\t\t<div style=\"clear: both;\"><\/div><\/div><div class=\"slideshow_view\">\r\n\t\t\t\t<div class=\"slideshow_slide slideshow_slide_image\">\r\n\t\t\t\t\t\t\t\t\t\t\t<img src=\"http:\/\/la-croix-du-verre.com\/wp-content\/uploads\/2016\/12\/CH156720-Chambre2-16.jpg\" alt=\"CH156720-Chambre2-16\" width=\"2268\" height=\"1564\" \/>\r\n\t\t\t\t\t\t\t\t\t\t<div class=\"slideshow_description_box slideshow_transparent\">\r\n\t\t\t\t\t\t<div class=\"slideshow_title\">CH156720-Chambre2-16<\/div>\t\t\t\t\t\t\t\t\t\t\t<\/div>\r\n\t\t\t\t<\/div>\r\n\r\n\t\t\t\t\t\t<div style=\"clear: both;\"><\/div><\/div><div class=\"slideshow_view\">\r\n\t\t\t\t<div class=\"slideshow_slide slideshow_slide_image\">\r\n\t\t\t\t\t\t\t\t\t\t\t<img src=\"http:\/\/la-croix-du-verre.com\/wp-content\/uploads\/2016\/12\/CH156720-Chambre2-17.jpg\" alt=\"CH156720-Chambre2-17\" width=\"2268\" height=\"1694\" \/>\r\n\t\t\t\t\t\t\t\t\t\t<div class=\"slideshow_description_box slideshow_transparent\">\r\n\t\t\t\t\t\t<div class=\"slideshow_title\">CH156720-Chambre2-17<\/div>\t\t\t\t\t\t\t\t\t\t\t<\/div>\r\n\t\t\t\t<\/div>\r\n\r\n\t\t\t\t\t\t<div style=\"clear: both;\"><\/div><\/div>\r\n\t\t<\/div>\r\n\r\n\t\t<div class=\"slideshow_controlPanel slideshow_transparent\" style=\"display: none;\"><ul><li class=\"slideshow_togglePlay\" data-play-text=\"Play\" data-pause-text=\"Pause\"><\/li><\/ul><\/div>\r\n\r\n\t\t<div class=\"slideshow_button slideshow_previous slideshow_transparent\" role=\"button\" data-previous-text=\"Previous\" style=\"display: none;\"><\/div>\r\n\t\t<div class=\"slideshow_button slideshow_next slideshow_transparent\" role=\"button\" data-next-text=\"Next\" style=\"display: none;\"><\/div>\r\n\r\n\t\t<div class=\"slideshow_pagination\" style=\"display: none;\" data-go-to-text=\"Go to slide\"><div class=\"slideshow_pagination_center\"><\/div><\/div>\r\n\r\n\t\t<!-- WordPress Slideshow Version 2.3.1 -->\r\n\r\n\t\t\t<\/div>\r\n\r\n\n","protected":false},"excerpt":{"rendered":"<p>Cette chambre luxueuse et apaisante empreinte d&rsquo;un m\u00e9lange de modernisme et d&rsquo;ancien aux tonalit\u00e9s de bleu avec des tentures en toile de Jouy et un grand lit (160 cm) \u00e0 baldaquin s&rsquo;appuyant contre un mur en authentiques galets du Rh\u00f4ne vous permettra de vous reposer et de r\u00eaver \u00e0 la belle \u00e9poque.<\/p>\n","protected":false},"author":1,"featured_media":0,"parent":21,"menu_order":0,"comment_status":"closed","ping_status":"closed","template":"","meta":{"footnotes":""},"_links":{"self":[{"href":"http:\/\/la-croix-du-verre.com\/index.php\/wp-json\/wp\/v2\/pages\/34"}],"collection":[{"href":"http:\/\/la-croix-du-verre.com\/index.php\/wp-json\/wp\/v2\/pages"}],"about":[{"href":"http:\/\/la-croix-du-verre.com\/index.php\/wp-json\/wp\/v2\/types\/page"}],"author":[{"embeddable":true,"href":"http:\/\/la-croix-du-verre.com\/index.php\/wp-json\/wp\/v2\/users\/1"}],"replies":[{"embeddable":true,"href":"http:\/\/la-croix-du-verre.com\/index.php\/wp-json\/wp\/v2\/comments?post=34"}],"version-history":[{"count":2,"href":"http:\/\/la-croix-du-verre.com\/index.php\/wp-json\/wp\/v2\/pages\/34\/revisions"}],"predecessor-version":[{"id":620,"href":"http:\/\/la-croix-du-verre.com\/index.php\/wp-json\/wp\/v2\/pages\/34\/revisions\/620"}],"up":[{"embeddable":true,"href":"http:\/\/la-croix-du-verre.com\/index.php\/wp-json\/wp\/v2\/pages\/21"}],"wp:attachment":[{"href":"http:\/\/la-croix-du-verre.com\/index.php\/wp-json\/wp\/v2\/media?parent=34"}],"curies":[{"name":"wp","href":"https:\/\/api.w.org\/{rel}","templated":true}]}}