{"id":39,"date":"2016-12-26T14:12:29","date_gmt":"2016-12-26T13:12:29","guid":{"rendered":"http:\/\/la-croix-du-verre.com\/?page_id=39"},"modified":"2016-12-28T16:18:07","modified_gmt":"2016-12-28T15:18:07","slug":"la-chambre-syrah","status":"publish","type":"page","link":"http:\/\/la-croix-du-verre.com\/index.php\/fr\/les-chambres-dhotes\/la-chambre-syrah\/","title":{"rendered":"La Chambre Syrah"},"content":{"rendered":"<p>Cette chambre, enti\u00e8rement d\u00e9di\u00e9e aux accents du sud dans des tons chauds d&rsquo;ocre et d&rsquo;orang\u00e9, offre deux lits individuels pour votre repos. Deux fauteuils en osier vous invitent \u00e0 la d\u00e9tente et \u00e0 l&rsquo;\u00e9criture.<\/p>\n\r\n\t<div class=\"slideshow_container slideshow_container_style-light\" style=\" \" data-slideshow-id=\"622\" data-style-name=\"style-light\" data-style-version=\"2.3.1\" >\r\n\r\n\t\t\t\t\t<div class=\"slideshow_loading_icon\"><\/div>\r\n\t\t\r\n\t\t<div class=\"slideshow_content\" style=\"display: none;\">\r\n\r\n\t\t\t<div class=\"slideshow_view\">\r\n\t\t\t\t<div class=\"slideshow_slide slideshow_slide_image\">\r\n\t\t\t\t\t\t\t\t\t\t\t<img src=\"http:\/\/la-croix-du-verre.com\/wp-content\/uploads\/2016\/12\/CH156720-Chambre1-01.jpg\" alt=\"CH156720-Chambre1-01\" width=\"2268\" height=\"1512\" \/>\r\n\t\t\t\t\t\t\t\t\t\t<div class=\"slideshow_description_box slideshow_transparent\">\r\n\t\t\t\t\t\t<div class=\"slideshow_title\">CH156720-Chambre1-01<\/div>\t\t\t\t\t\t\t\t\t\t\t<\/div>\r\n\t\t\t\t<\/div>\r\n\r\n\t\t\t\t\t\t<div style=\"clear: both;\"><\/div><\/div><div class=\"slideshow_view\">\r\n\t\t\t\t<div class=\"slideshow_slide slideshow_slide_image\">\r\n\t\t\t\t\t\t\t\t\t\t\t<img src=\"http:\/\/la-croix-du-verre.com\/wp-content\/uploads\/2016\/12\/CH156720-Chambre1-02.jpg\" alt=\"CH156720-Chambre1-02\" width=\"2268\" height=\"1512\" \/>\r\n\t\t\t\t\t\t\t\t\t\t<div class=\"slideshow_description_box slideshow_transparent\">\r\n\t\t\t\t\t\t<div class=\"slideshow_title\">CH156720-Chambre1-02<\/div>\t\t\t\t\t\t\t\t\t\t\t<\/div>\r\n\t\t\t\t<\/div>\r\n\r\n\t\t\t\t\t\t<div style=\"clear: both;\"><\/div><\/div><div class=\"slideshow_view\">\r\n\t\t\t\t<div class=\"slideshow_slide slideshow_slide_image\">\r\n\t\t\t\t\t\t\t\t\t\t\t<img src=\"http:\/\/la-croix-du-verre.com\/wp-content\/uploads\/2016\/12\/CH156720-Chambre1-03.jpg\" alt=\"CH156720-Chambre1-03\" width=\"2268\" height=\"1464\" \/>\r\n\t\t\t\t\t\t\t\t\t\t<div class=\"slideshow_description_box slideshow_transparent\">\r\n\t\t\t\t\t\t<div class=\"slideshow_title\">CH156720-Chambre1-03<\/div>\t\t\t\t\t\t\t\t\t\t\t<\/div>\r\n\t\t\t\t<\/div>\r\n\r\n\t\t\t\t\t\t<div style=\"clear: both;\"><\/div><\/div><div class=\"slideshow_view\">\r\n\t\t\t\t<div class=\"slideshow_slide slideshow_slide_image\">\r\n\t\t\t\t\t\t\t\t\t\t\t<img src=\"http:\/\/la-croix-du-verre.com\/wp-content\/uploads\/2016\/12\/CH156720-Chambre1-04.jpg\" alt=\"CH156720-Chambre1-04\" width=\"2268\" height=\"1464\" \/>\r\n\t\t\t\t\t\t\t\t\t\t<div class=\"slideshow_description_box slideshow_transparent\">\r\n\t\t\t\t\t\t<div class=\"slideshow_title\">CH156720-Chambre1-04<\/div>\t\t\t\t\t\t\t\t\t\t\t<\/div>\r\n\t\t\t\t<\/div>\r\n\r\n\t\t\t\t\t\t<div style=\"clear: both;\"><\/div><\/div><div class=\"slideshow_view\">\r\n\t\t\t\t<div class=\"slideshow_slide slideshow_slide_image\">\r\n\t\t\t\t\t\t\t\t\t\t\t<img src=\"http:\/\/la-croix-du-verre.com\/wp-content\/uploads\/2016\/12\/CH156720-Chambre1-05.jpg\" alt=\"CH156720-Chambre1-05\" width=\"2268\" height=\"1512\" \/>\r\n\t\t\t\t\t\t\t\t\t\t<div class=\"slideshow_description_box slideshow_transparent\">\r\n\t\t\t\t\t\t<div class=\"slideshow_title\">CH156720-Chambre1-05<\/div>\t\t\t\t\t\t\t\t\t\t\t<\/div>\r\n\t\t\t\t<\/div>\r\n\r\n\t\t\t\t\t\t<div style=\"clear: both;\"><\/div><\/div><div class=\"slideshow_view\">\r\n\t\t\t\t<div class=\"slideshow_slide slideshow_slide_image\">\r\n\t\t\t\t\t\t\t\t\t\t\t<img src=\"http:\/\/la-croix-du-verre.com\/wp-content\/uploads\/2016\/12\/CH156720-Chambre1-06.jpg\" alt=\"CH156720-Chambre1-06\" width=\"2268\" height=\"1516\" \/>\r\n\t\t\t\t\t\t\t\t\t\t<div class=\"slideshow_description_box slideshow_transparent\">\r\n\t\t\t\t\t\t<div class=\"slideshow_title\">CH156720-Chambre1-06<\/div>\t\t\t\t\t\t\t\t\t\t\t<\/div>\r\n\t\t\t\t<\/div>\r\n\r\n\t\t\t\t\t\t<div style=\"clear: both;\"><\/div><\/div><div class=\"slideshow_view\">\r\n\t\t\t\t<div class=\"slideshow_slide slideshow_slide_image\">\r\n\t\t\t\t\t\t\t\t\t\t\t<img src=\"http:\/\/la-croix-du-verre.com\/wp-content\/uploads\/2016\/12\/CH156720-Chambre1-07.jpg\" alt=\"CH156720-Chambre1-07\" width=\"2268\" height=\"1503\" \/>\r\n\t\t\t\t\t\t\t\t\t\t<div class=\"slideshow_description_box slideshow_transparent\">\r\n\t\t\t\t\t\t<div class=\"slideshow_title\">CH156720-Chambre1-07<\/div>\t\t\t\t\t\t\t\t\t\t\t<\/div>\r\n\t\t\t\t<\/div>\r\n\r\n\t\t\t\t\t\t<div style=\"clear: both;\"><\/div><\/div><div class=\"slideshow_view\">\r\n\t\t\t\t<div class=\"slideshow_slide slideshow_slide_image\">\r\n\t\t\t\t\t\t\t\t\t\t\t<img src=\"http:\/\/la-croix-du-verre.com\/wp-content\/uploads\/2016\/12\/CH156720-Chambre1-08.jpg\" alt=\"CH156720-Chambre1-08\" width=\"2268\" height=\"1512\" \/>\r\n\t\t\t\t\t\t\t\t\t\t<div class=\"slideshow_description_box slideshow_transparent\">\r\n\t\t\t\t\t\t<div class=\"slideshow_title\">CH156720-Chambre1-08<\/div>\t\t\t\t\t\t\t\t\t\t\t<\/div>\r\n\t\t\t\t<\/div>\r\n\r\n\t\t\t\t\t\t<div style=\"clear: both;\"><\/div><\/div><div class=\"slideshow_view\">\r\n\t\t\t\t<div class=\"slideshow_slide slideshow_slide_image\">\r\n\t\t\t\t\t\t\t\t\t\t\t<img src=\"http:\/\/la-croix-du-verre.com\/wp-content\/uploads\/2016\/12\/CH156720-Chambre1-09.jpg\" alt=\"CH156720-Chambre1-09\" width=\"2268\" height=\"1525\" \/>\r\n\t\t\t\t\t\t\t\t\t\t<div class=\"slideshow_description_box slideshow_transparent\">\r\n\t\t\t\t\t\t<div class=\"slideshow_title\">CH156720-Chambre1-09<\/div>\t\t\t\t\t\t\t\t\t\t\t<\/div>\r\n\t\t\t\t<\/div>\r\n\r\n\t\t\t\t\t\t<div style=\"clear: both;\"><\/div><\/div><div class=\"slideshow_view\">\r\n\t\t\t\t<div class=\"slideshow_slide slideshow_slide_image\">\r\n\t\t\t\t\t\t\t\t\t\t\t<img src=\"http:\/\/la-croix-du-verre.com\/wp-content\/uploads\/2016\/12\/CH156720-Chambre1-10.jpg\" alt=\"CH156720-Chambre1-10\" width=\"2268\" height=\"1496\" \/>\r\n\t\t\t\t\t\t\t\t\t\t<div class=\"slideshow_description_box slideshow_transparent\">\r\n\t\t\t\t\t\t<div class=\"slideshow_title\">CH156720-Chambre1-10<\/div>\t\t\t\t\t\t\t\t\t\t\t<\/div>\r\n\t\t\t\t<\/div>\r\n\r\n\t\t\t\t\t\t<div style=\"clear: both;\"><\/div><\/div><div class=\"slideshow_view\">\r\n\t\t\t\t<div class=\"slideshow_slide slideshow_slide_image\">\r\n\t\t\t\t\t\t\t\t\t\t\t<img src=\"http:\/\/la-croix-du-verre.com\/wp-content\/uploads\/2016\/12\/CH156720-Chambre1-12.jpg\" alt=\"CH156720-Chambre1-12\" width=\"2268\" height=\"2047\" \/>\r\n\t\t\t\t\t\t\t\t\t\t<div class=\"slideshow_description_box slideshow_transparent\">\r\n\t\t\t\t\t\t<div class=\"slideshow_title\">CH156720-Chambre1-12<\/div>\t\t\t\t\t\t\t\t\t\t\t<\/div>\r\n\t\t\t\t<\/div>\r\n\r\n\t\t\t\t\t\t<div style=\"clear: both;\"><\/div><\/div><div class=\"slideshow_view\">\r\n\t\t\t\t<div class=\"slideshow_slide slideshow_slide_image\">\r\n\t\t\t\t\t\t\t\t\t\t\t<img src=\"http:\/\/la-croix-du-verre.com\/wp-content\/uploads\/2016\/12\/CH156720-Chambre1-13.jpg\" alt=\"CH156720-Chambre1-13\" width=\"2268\" height=\"1581\" \/>\r\n\t\t\t\t\t\t\t\t\t\t<div class=\"slideshow_description_box slideshow_transparent\">\r\n\t\t\t\t\t\t<div class=\"slideshow_title\">CH156720-Chambre1-13<\/div>\t\t\t\t\t\t\t\t\t\t\t<\/div>\r\n\t\t\t\t<\/div>\r\n\r\n\t\t\t\t\t\t<div style=\"clear: both;\"><\/div><\/div><div class=\"slideshow_view\">\r\n\t\t\t\t<div class=\"slideshow_slide slideshow_slide_image\">\r\n\t\t\t\t\t\t\t\t\t\t\t<img src=\"http:\/\/la-croix-du-verre.com\/wp-content\/uploads\/2016\/12\/CH156720-Chambre1-15.jpg\" alt=\"CH156720-Chambre1-15\" width=\"2268\" height=\"1810\" \/>\r\n\t\t\t\t\t\t\t\t\t\t<div class=\"slideshow_description_box slideshow_transparent\">\r\n\t\t\t\t\t\t<div class=\"slideshow_title\">CH156720-Chambre1-15<\/div>\t\t\t\t\t\t\t\t\t\t\t<\/div>\r\n\t\t\t\t<\/div>\r\n\r\n\t\t\t\t\t\t<div style=\"clear: both;\"><\/div><\/div><div class=\"slideshow_view\">\r\n\t\t\t\t<div class=\"slideshow_slide slideshow_slide_image\">\r\n\t\t\t\t\t\t\t\t\t\t\t<img src=\"http:\/\/la-croix-du-verre.com\/wp-content\/uploads\/2016\/12\/CH156720-Chambre1-16.jpg\" alt=\"CH156720-Chambre1-16\" width=\"2268\" height=\"1554\" \/>\r\n\t\t\t\t\t\t\t\t\t\t<div class=\"slideshow_description_box slideshow_transparent\">\r\n\t\t\t\t\t\t<div class=\"slideshow_title\">CH156720-Chambre1-16<\/div>\t\t\t\t\t\t\t\t\t\t\t<\/div>\r\n\t\t\t\t<\/div>\r\n\r\n\t\t\t\t\t\t<div style=\"clear: both;\"><\/div><\/div>\r\n\t\t<\/div>\r\n\r\n\t\t<div class=\"slideshow_controlPanel slideshow_transparent\" style=\"display: none;\"><ul><li class=\"slideshow_togglePlay\" data-play-text=\"Play\" data-pause-text=\"Pause\"><\/li><\/ul><\/div>\r\n\r\n\t\t<div class=\"slideshow_button slideshow_previous slideshow_transparent\" role=\"button\" data-previous-text=\"Previous\" style=\"display: none;\"><\/div>\r\n\t\t<div class=\"slideshow_button slideshow_next slideshow_transparent\" role=\"button\" data-next-text=\"Next\" style=\"display: none;\"><\/div>\r\n\r\n\t\t<div class=\"slideshow_pagination\" style=\"display: none;\" data-go-to-text=\"Go to slide\"><div class=\"slideshow_pagination_center\"><\/div><\/div>\r\n\r\n\t\t<!-- WordPress Slideshow Version 2.3.1 -->\r\n\r\n\t\t\t<\/div>\r\n\r\n\n","protected":false},"excerpt":{"rendered":"<p>Cette chambre, enti\u00e8rement d\u00e9di\u00e9e aux accents du sud dans des tons chauds d&rsquo;ocre et d&rsquo;orang\u00e9, offre deux lits individuels pour votre repos. Deux fauteuils en osier vous invitent \u00e0 la d\u00e9tente et \u00e0 l&rsquo;\u00e9criture.<\/p>\n","protected":false},"author":1,"featured_media":0,"parent":21,"menu_order":0,"comment_status":"closed","ping_status":"closed","template":"","meta":{"footnotes":""},"_links":{"self":[{"href":"http:\/\/la-croix-du-verre.com\/index.php\/wp-json\/wp\/v2\/pages\/39"}],"collection":[{"href":"http:\/\/la-croix-du-verre.com\/index.php\/wp-json\/wp\/v2\/pages"}],"about":[{"href":"http:\/\/la-croix-du-verre.com\/index.php\/wp-json\/wp\/v2\/types\/page"}],"author":[{"embeddable":true,"href":"http:\/\/la-croix-du-verre.com\/index.php\/wp-json\/wp\/v2\/users\/1"}],"replies":[{"embeddable":true,"href":"http:\/\/la-croix-du-verre.com\/index.php\/wp-json\/wp\/v2\/comments?post=39"}],"version-history":[{"count":2,"href":"http:\/\/la-croix-du-verre.com\/index.php\/wp-json\/wp\/v2\/pages\/39\/revisions"}],"predecessor-version":[{"id":639,"href":"http:\/\/la-croix-du-verre.com\/index.php\/wp-json\/wp\/v2\/pages\/39\/revisions\/639"}],"up":[{"embeddable":true,"href":"http:\/\/la-croix-du-verre.com\/index.php\/wp-json\/wp\/v2\/pages\/21"}],"wp:attachment":[{"href":"http:\/\/la-croix-du-verre.com\/index.php\/wp-json\/wp\/v2\/media?parent=39"}],"curies":[{"name":"wp","href":"https:\/\/api.w.org\/{rel}","templated":true}]}}