{"id":645,"date":"2016-12-28T16:43:45","date_gmt":"2016-12-28T15:43:45","guid":{"rendered":"http:\/\/la-croix-du-verre.com\/?page_id=645"},"modified":"2017-06-25T08:07:13","modified_gmt":"2017-06-25T06:07:13","slug":"mentions-legales","status":"publish","type":"page","link":"http:\/\/la-croix-du-verre.com\/index.php\/fr\/mentions-legales\/","title":{"rendered":"Mentions l\u00e9gales"},"content":{"rendered":"<p>Olivier DUMAINE<br \/>\nAffaire personnelle &#8211; exploitant agricole<br \/>\n15 Traverse Chautin &#8211; 26600 Larnage<br \/>\nT\u00e9l. : 04 75\u00a0 07 21 50<br \/>\nCourriel : dumaineo@la-croix-du-verre.com<br \/>\nNum\u00e9ro de TVA intracommunautaire : FR15 348 585 118<br \/>\nResponsable de la publication : Olivier DUMAINE<\/p>\n<p>H\u00e9bergeur :<br \/>\nONLINE SAS<br \/>\n8 rue de la ville l&rsquo;Ev\u00eaque &#8211; 75008 Paris<br \/>\nT\u00e9l. : 01 73 50 31 75<\/p>\n<p>CMS : WordPress \/ Th\u00e8me : <a href=\"https:\/\/wordpress.org\/themes\/nisarg\/\" target=\"_blank\" rel=\"noopener noreferrer\">Nisarg<\/a><\/p>\n","protected":false},"excerpt":{"rendered":"<p>Olivier DUMAINE Affaire personnelle &#8211; exploitant agricole 15 Traverse Chautin &#8211; 26600 Larnage T\u00e9l. : 04 75\u00a0 07 21 50 Courriel : dumaineo@la-croix-du-verre.com Num\u00e9ro de TVA intracommunautaire : FR15 348 585 118 Responsable de la publication : Olivier DUMAINE H\u00e9bergeur : ONLINE SAS 8 rue de la ville l&rsquo;Ev\u00eaque &#8211; 75008 Paris T\u00e9l. : 01 73 50 31 75 CMS : WordPress \/ Th\u00e8me : Nisarg<\/p>\n","protected":false},"author":1,"featured_media":0,"parent":0,"menu_order":0,"comment_status":"closed","ping_status":"closed","template":"","meta":{"footnotes":""},"_links":{"self":[{"href":"http:\/\/la-croix-du-verre.com\/index.php\/wp-json\/wp\/v2\/pages\/645"}],"collection":[{"href":"http:\/\/la-croix-du-verre.com\/index.php\/wp-json\/wp\/v2\/pages"}],"about":[{"href":"http:\/\/la-croix-du-verre.com\/index.php\/wp-json\/wp\/v2\/types\/page"}],"author":[{"embeddable":true,"href":"http:\/\/la-croix-du-verre.com\/index.php\/wp-json\/wp\/v2\/users\/1"}],"replies":[{"embeddable":true,"href":"http:\/\/la-croix-du-verre.com\/index.php\/wp-json\/wp\/v2\/comments?post=645"}],"version-history":[{"count":3,"href":"http:\/\/la-croix-du-verre.com\/index.php\/wp-json\/wp\/v2\/pages\/645\/revisions"}],"predecessor-version":[{"id":758,"href":"http:\/\/la-croix-du-verre.com\/index.php\/wp-json\/wp\/v2\/pages\/645\/revisions\/758"}],"wp:attachment":[{"href":"http:\/\/la-croix-du-verre.com\/index.php\/wp-json\/wp\/v2\/media?parent=645"}],"curies":[{"name":"wp","href":"https:\/\/api.w.org\/{rel}","templated":true}]}}