{"id":66,"date":"2016-12-26T14:37:26","date_gmt":"2016-12-26T13:37:26","guid":{"rendered":"http:\/\/la-croix-du-verre.com\/?page_id=66"},"modified":"2018-03-11T10:07:36","modified_gmt":"2018-03-11T09:07:36","slug":"les-vins","status":"publish","type":"page","link":"http:\/\/la-croix-du-verre.com\/index.php\/fr\/lexploitation-viticole\/les-vins\/","title":{"rendered":"Les Vins"},"content":{"rendered":"<p><img decoding=\"async\" loading=\"lazy\" class=\"aligncenter wp-image-797 size-large\" src=\"http:\/\/la-croix-du-verre.com\/wp-content\/uploads\/2016\/12\/gene2-1-1024x684.jpg\" alt=\"\" width=\"640\" height=\"428\" srcset=\"http:\/\/la-croix-du-verre.com\/wp-content\/uploads\/2016\/12\/gene2-1-1024x684.jpg 1024w, http:\/\/la-croix-du-verre.com\/wp-content\/uploads\/2016\/12\/gene2-1-300x200.jpg 300w, http:\/\/la-croix-du-verre.com\/wp-content\/uploads\/2016\/12\/gene2-1-768x513.jpg 768w, http:\/\/la-croix-du-verre.com\/wp-content\/uploads\/2016\/12\/gene2-1-404x270.jpg 404w\" sizes=\"(max-width: 640px) 100vw, 640px\" \/><\/p>\n<p>La propri\u00e9t\u00e9, bas\u00e9e en Dr\u00f4me des collines, a continu\u00e9 l&rsquo;exploitation de vignes anciennes situ\u00e9es en A.O.C. Crozes-Hermitage. La s\u00e9lection des meilleures parcelles nous offre un Crozes-Hermitage plus typ\u00e9 : \u00ab\u00a0La Croix du Verre\u00a0\u00bb.<\/p>\n<p>Le d\u00e9veloppement du domaine a permis d&rsquo;\u00e9largir ses comp\u00e9tences \u00e0 l&rsquo;A.O.C. Saint Joseph sur les coteaux ard\u00e9chois.<\/p>\n<p>Des plantations moins typ\u00e9es nous permettent la production de Vin de Pays.<\/p>\n","protected":false},"excerpt":{"rendered":"<p>La propri\u00e9t\u00e9, bas\u00e9e en Dr\u00f4me des collines, a continu\u00e9 l&rsquo;exploitation de vignes anciennes situ\u00e9es en A.O.C. Crozes-Hermitage. La s\u00e9lection des meilleures parcelles nous offre un Crozes-Hermitage plus typ\u00e9 : \u00ab\u00a0La Croix du Verre\u00a0\u00bb. Le d\u00e9veloppement du domaine a permis d&rsquo;\u00e9largir ses comp\u00e9tences \u00e0 l&rsquo;A.O.C. Saint Joseph sur les coteaux ard\u00e9chois. Des plantations moins typ\u00e9es nous permettent la production de Vin de Pays.<\/p>\n","protected":false},"author":1,"featured_media":0,"parent":57,"menu_order":0,"comment_status":"closed","ping_status":"closed","template":"","meta":{"footnotes":""},"_links":{"self":[{"href":"http:\/\/la-croix-du-verre.com\/index.php\/wp-json\/wp\/v2\/pages\/66"}],"collection":[{"href":"http:\/\/la-croix-du-verre.com\/index.php\/wp-json\/wp\/v2\/pages"}],"about":[{"href":"http:\/\/la-croix-du-verre.com\/index.php\/wp-json\/wp\/v2\/types\/page"}],"author":[{"embeddable":true,"href":"http:\/\/la-croix-du-verre.com\/index.php\/wp-json\/wp\/v2\/users\/1"}],"replies":[{"embeddable":true,"href":"http:\/\/la-croix-du-verre.com\/index.php\/wp-json\/wp\/v2\/comments?post=66"}],"version-history":[{"count":5,"href":"http:\/\/la-croix-du-verre.com\/index.php\/wp-json\/wp\/v2\/pages\/66\/revisions"}],"predecessor-version":[{"id":798,"href":"http:\/\/la-croix-du-verre.com\/index.php\/wp-json\/wp\/v2\/pages\/66\/revisions\/798"}],"up":[{"embeddable":true,"href":"http:\/\/la-croix-du-verre.com\/index.php\/wp-json\/wp\/v2\/pages\/57"}],"wp:attachment":[{"href":"http:\/\/la-croix-du-verre.com\/index.php\/wp-json\/wp\/v2\/media?parent=66"}],"curies":[{"name":"wp","href":"https:\/\/api.w.org\/{rel}","templated":true}]}}