{"id":71,"date":"2016-12-26T14:40:59","date_gmt":"2016-12-26T13:40:59","guid":{"rendered":"http:\/\/la-croix-du-verre.com\/?page_id=71"},"modified":"2018-03-11T09:52:50","modified_gmt":"2018-03-11T08:52:50","slug":"la-croix-du-verre","status":"publish","type":"page","link":"http:\/\/la-croix-du-verre.com\/index.php\/fr\/lexploitation-viticole\/la-croix-du-verre\/","title":{"rendered":"La Croix du Verre"},"content":{"rendered":"<p><img decoding=\"async\" loading=\"lazy\" class=\"aligncenter wp-image-237 size-large\" src=\"http:\/\/la-croix-du-verre.com\/wp-content\/uploads\/2016\/12\/cdv-683x1024.jpg\" width=\"640\" height=\"960\" srcset=\"http:\/\/la-croix-du-verre.com\/wp-content\/uploads\/2016\/12\/cdv-683x1024.jpg 683w, http:\/\/la-croix-du-verre.com\/wp-content\/uploads\/2016\/12\/cdv-200x300.jpg 200w, http:\/\/la-croix-du-verre.com\/wp-content\/uploads\/2016\/12\/cdv-768x1152.jpg 768w, http:\/\/la-croix-du-verre.com\/wp-content\/uploads\/2016\/12\/cdv-180x270.jpg 180w\" sizes=\"(max-width: 640px) 100vw, 640px\" \/><\/p>\n<p>Ce nom vient d&rsquo;une croix situ\u00e9e \u00e0 la crois\u00e9e des chemins de vigne. La l\u00e9gende dit que les vignerons y laissaient un verre et une bouteille de vin pour d\u00e9salt\u00e9rer les p\u00e8lerins de passage.<\/p>\n<p><strong>La Croix du Verre Blanc<\/strong><\/p>\n<p><img decoding=\"async\" loading=\"lazy\" class=\"aligncenter wp-image-780 size-large\" src=\"http:\/\/la-croix-du-verre.com\/wp-content\/uploads\/2016\/12\/cvcorrige-1024x684.jpg\" alt=\"\" width=\"640\" height=\"428\" srcset=\"http:\/\/la-croix-du-verre.com\/wp-content\/uploads\/2016\/12\/cvcorrige-1024x684.jpg 1024w, http:\/\/la-croix-du-verre.com\/wp-content\/uploads\/2016\/12\/cvcorrige-300x200.jpg 300w, http:\/\/la-croix-du-verre.com\/wp-content\/uploads\/2016\/12\/cvcorrige-768x513.jpg 768w, http:\/\/la-croix-du-verre.com\/wp-content\/uploads\/2016\/12\/cvcorrige-404x270.jpg 404w\" sizes=\"(max-width: 640px) 100vw, 640px\" \/><\/p>\n<p>Le Crozes-Hermitage blanc de \u00ab\u00a0La Croix du Verre\u00a0\u00bb est obtenu gr\u00e2ce \u00e0 des vignes \u00e2g\u00e9es de plus de 50 ans. La vinification de cette s\u00e9lection s&rsquo;effectue en f\u00fbts de ch\u00eane. Le vin est \u00e9lev\u00e9 sur ses lies pendant 8 mois.<\/p>\n<p><strong>La Croix du Verre Rouge<\/strong><\/p>\n<p><img decoding=\"async\" loading=\"lazy\" class=\"aligncenter wp-image-777 size-large\" src=\"http:\/\/la-croix-du-verre.com\/wp-content\/uploads\/2018\/03\/croixduverre_rge3_klimagestudio-1024x684.jpg\" alt=\"\" width=\"640\" height=\"428\" srcset=\"http:\/\/la-croix-du-verre.com\/wp-content\/uploads\/2018\/03\/croixduverre_rge3_klimagestudio-1024x684.jpg 1024w, http:\/\/la-croix-du-verre.com\/wp-content\/uploads\/2018\/03\/croixduverre_rge3_klimagestudio-300x200.jpg 300w, http:\/\/la-croix-du-verre.com\/wp-content\/uploads\/2018\/03\/croixduverre_rge3_klimagestudio-768x513.jpg 768w, http:\/\/la-croix-du-verre.com\/wp-content\/uploads\/2018\/03\/croixduverre_rge3_klimagestudio-404x270.jpg 404w\" sizes=\"(max-width: 640px) 100vw, 640px\" \/><\/p>\n<p>Les Crozes-Hermitage rouges de \u00ab\u00a0La Croix du Verre\u00a0\u00bb sont obtenus gr\u00e2ce \u00e0 des vignes \u00e2g\u00e9es de plus de 50 ans.<\/p>\n<p>La vendange \u00e9grapp\u00e9e subit une vinification en cuve ferm\u00e9e avec r\u00e9gulation des temp\u00e9ratures. La cuvaison minimale est de 21 jours. Le vin vieillit ensuite pendant 10 mois en f\u00fbts.<\/p>\n","protected":false},"excerpt":{"rendered":"<p>Ce nom vient d&rsquo;une croix situ\u00e9e \u00e0 la crois\u00e9e des chemins de vigne. La l\u00e9gende dit que les vignerons y laissaient un verre et une bouteille de vin pour d\u00e9salt\u00e9rer les p\u00e8lerins de passage. La Croix du Verre Blanc Le Crozes-Hermitage blanc de \u00ab\u00a0La Croix du Verre\u00a0\u00bb est obtenu gr\u00e2ce \u00e0 des vignes \u00e2g\u00e9es de plus de 50 ans. La vinification de cette s\u00e9lection s&rsquo;effectue en f\u00fbts de ch\u00eane. Le vin est \u00e9lev\u00e9 sur ses lies pendant 8 mois. La&#8230;<\/p>\n<p class=\"read-more\"><a class=\"btn btn-default\" href=\"http:\/\/la-croix-du-verre.com\/index.php\/fr\/lexploitation-viticole\/la-croix-du-verre\/\">Lire la suite<span class=\"screen-reader-text\"> Lire la suite<\/span><\/a><\/p>\n","protected":false},"author":1,"featured_media":0,"parent":57,"menu_order":0,"comment_status":"closed","ping_status":"closed","template":"","meta":{"footnotes":""},"_links":{"self":[{"href":"http:\/\/la-croix-du-verre.com\/index.php\/wp-json\/wp\/v2\/pages\/71"}],"collection":[{"href":"http:\/\/la-croix-du-verre.com\/index.php\/wp-json\/wp\/v2\/pages"}],"about":[{"href":"http:\/\/la-croix-du-verre.com\/index.php\/wp-json\/wp\/v2\/types\/page"}],"author":[{"embeddable":true,"href":"http:\/\/la-croix-du-verre.com\/index.php\/wp-json\/wp\/v2\/users\/1"}],"replies":[{"embeddable":true,"href":"http:\/\/la-croix-du-verre.com\/index.php\/wp-json\/wp\/v2\/comments?post=71"}],"version-history":[{"count":4,"href":"http:\/\/la-croix-du-verre.com\/index.php\/wp-json\/wp\/v2\/pages\/71\/revisions"}],"predecessor-version":[{"id":781,"href":"http:\/\/la-croix-du-verre.com\/index.php\/wp-json\/wp\/v2\/pages\/71\/revisions\/781"}],"up":[{"embeddable":true,"href":"http:\/\/la-croix-du-verre.com\/index.php\/wp-json\/wp\/v2\/pages\/57"}],"wp:attachment":[{"href":"http:\/\/la-croix-du-verre.com\/index.php\/wp-json\/wp\/v2\/media?parent=71"}],"curies":[{"name":"wp","href":"https:\/\/api.w.org\/{rel}","templated":true}]}}