{"id":75,"date":"2016-12-26T14:45:39","date_gmt":"2016-12-26T13:45:39","guid":{"rendered":"http:\/\/la-croix-du-verre.com\/?page_id=75"},"modified":"2018-03-11T10:37:23","modified_gmt":"2018-03-11T09:37:23","slug":"le-crozes-hermitage","status":"publish","type":"page","link":"http:\/\/la-croix-du-verre.com\/index.php\/fr\/lexploitation-viticole\/le-crozes-hermitage\/","title":{"rendered":"Le Crozes-Hermitage"},"content":{"rendered":"<p><img decoding=\"async\" loading=\"lazy\" class=\"aligncenter wp-image-787 size-large\" src=\"http:\/\/la-croix-du-verre.com\/wp-content\/uploads\/2016\/12\/opora_rge2_klimagestudio-1-1024x684.jpg\" alt=\"\" width=\"640\" height=\"428\" srcset=\"http:\/\/la-croix-du-verre.com\/wp-content\/uploads\/2016\/12\/opora_rge2_klimagestudio-1-1024x684.jpg 1024w, http:\/\/la-croix-du-verre.com\/wp-content\/uploads\/2016\/12\/opora_rge2_klimagestudio-1-300x200.jpg 300w, http:\/\/la-croix-du-verre.com\/wp-content\/uploads\/2016\/12\/opora_rge2_klimagestudio-1-768x513.jpg 768w, http:\/\/la-croix-du-verre.com\/wp-content\/uploads\/2016\/12\/opora_rge2_klimagestudio-1-404x270.jpg 404w\" sizes=\"(max-width: 640px) 100vw, 640px\" \/><\/p>\n<p>Quand l&rsquo;\u00e9t\u00e9 qui s&rsquo;\u00e9teint jette ses derniers feux et que l&rsquo;automne s&rsquo;annonce dans l&rsquo;imperceptible raccourcissement des jours alors d\u00e9bute une saison ambigu\u00eb que les Grecs nommaient Opora.<\/p>\n<p>Epoque des derniers fruits de l&rsquo;automne et des Vendanges<\/p>\n<p>Opora est souvent repr\u00e9sent\u00e9e comme une belle femme voire comme une d\u00e9esse<\/p>\n<p><strong>Le Crozes-Hermitage Blanc \u00ab\u00a0Opora\u00a0\u00bb<\/strong><\/p>\n<p>Ce vin, 100% Marsanne provient d&rsquo;un seul terroir, situ\u00e9 sur la commune de Larnage, o\u00f9 le sol argilo-calcaire d&rsquo;un blanc lumineux est unique dans l&rsquo;appellation.<\/p>\n<p>La vinification s&rsquo;effectue en cuve inox. Le vin est \u00e9lev\u00e9 sur ses lies fines pendant 8 mois avec b\u00e2tonnage.<\/p>\n<p>Trop souvent d\u00e9laiss\u00e9s, les Crozes-Hermitage blancs peuvent exprimer, sur certains terroirs, une puissance aromatique qui n&rsquo;a rien \u00e0 envier \u00e0 certains de leurs cousins.<\/p>\n<blockquote><p>\u00ab\u00a0Il m\u2019a paru bon de renouer avec la tradition de Blancs opulents faisant plus ressortir le terroir que le c\u00e9page.\u00a0\u00bb<\/p><\/blockquote>\n<p><em>Nos conseils<\/em><strong> :<\/strong> ces vins vous surprendront \u00e0 l&rsquo;ap\u00e9ritif. Ils se distingueront servis avec des poissons de rivi\u00e8re ou des fruits de mer. Ils s&rsquo;allieront \u00e9galement \u00e0 vos entr\u00e9es. La temp\u00e9rature id\u00e9ale de d\u00e9gustation est de 12\u00b0C \u00e0 14\u00b0C \u00e0 boire dans les 2 ans<\/p>\n<p><strong>Le Crozes-Hermitage Rouge \u00ab\u00a0Opora\u00a0\u00bb<\/strong><\/p>\n<p>Provenant du m\u00eame terroir que le Crozes-Hermitage blanc, ce vin, 100% Syrah, est issu exclusivement de vignes en coteaux.<\/p>\n<p>La vendange est \u00e9grapp\u00e9e. La vinification s&rsquo;effectue en cuves ferm\u00e9es avec r\u00e9gulation des temp\u00e9ratures. La cuvaison dure au moins 16 jours.<\/p>\n<blockquote><p>\u00ab\u00a0L\u2019apport de bois, dans les Crozes-Hermitage rouges, doit \u00eatre dos\u00e9 harmonieusement afin de pr\u00e9server les ar\u00f4mes d\u2019\u00e9pices et de fruits rouges frais qui font la sp\u00e9cificit\u00e9 de ces vins.\u00a0\u00bb<\/p><\/blockquote>\n<p><em>Nos conseils :<\/em> ces vins s&rsquo;accorderont avec les volailles, les plats en sauce et les viandes rouges r\u00f4ties et grill\u00e9es. Les charcuteries associ\u00e9es \u00e0 ce vin seront synonyme de bonheur partag\u00e9. La temp\u00e9rature id\u00e9ale de d\u00e9gustation est de 16\u00b0C \u00e0 18\u00b0C \u00e0 boire dans les 3 ans<\/p>\n","protected":false},"excerpt":{"rendered":"<p>Quand l&rsquo;\u00e9t\u00e9 qui s&rsquo;\u00e9teint jette ses derniers feux et que l&rsquo;automne s&rsquo;annonce dans l&rsquo;imperceptible raccourcissement des jours alors d\u00e9bute une saison ambigu\u00eb que les Grecs nommaient Opora. Epoque des derniers fruits de l&rsquo;automne et des Vendanges Opora est souvent repr\u00e9sent\u00e9e comme une belle femme voire comme une d\u00e9esse Le Crozes-Hermitage Blanc \u00ab\u00a0Opora\u00a0\u00bb Ce vin, 100% Marsanne provient d&rsquo;un seul terroir, situ\u00e9 sur la commune de Larnage, o\u00f9 le sol argilo-calcaire d&rsquo;un blanc lumineux est unique dans l&rsquo;appellation. La vinification s&rsquo;effectue&#8230;<\/p>\n<p class=\"read-more\"><a class=\"btn btn-default\" href=\"http:\/\/la-croix-du-verre.com\/index.php\/fr\/lexploitation-viticole\/le-crozes-hermitage\/\">Lire la suite<span class=\"screen-reader-text\"> Lire la suite<\/span><\/a><\/p>\n","protected":false},"author":1,"featured_media":0,"parent":57,"menu_order":0,"comment_status":"closed","ping_status":"closed","template":"","meta":{"footnotes":""},"_links":{"self":[{"href":"http:\/\/la-croix-du-verre.com\/index.php\/wp-json\/wp\/v2\/pages\/75"}],"collection":[{"href":"http:\/\/la-croix-du-verre.com\/index.php\/wp-json\/wp\/v2\/pages"}],"about":[{"href":"http:\/\/la-croix-du-verre.com\/index.php\/wp-json\/wp\/v2\/types\/page"}],"author":[{"embeddable":true,"href":"http:\/\/la-croix-du-verre.com\/index.php\/wp-json\/wp\/v2\/users\/1"}],"replies":[{"embeddable":true,"href":"http:\/\/la-croix-du-verre.com\/index.php\/wp-json\/wp\/v2\/comments?post=75"}],"version-history":[{"count":5,"href":"http:\/\/la-croix-du-verre.com\/index.php\/wp-json\/wp\/v2\/pages\/75\/revisions"}],"predecessor-version":[{"id":788,"href":"http:\/\/la-croix-du-verre.com\/index.php\/wp-json\/wp\/v2\/pages\/75\/revisions\/788"}],"up":[{"embeddable":true,"href":"http:\/\/la-croix-du-verre.com\/index.php\/wp-json\/wp\/v2\/pages\/57"}],"wp:attachment":[{"href":"http:\/\/la-croix-du-verre.com\/index.php\/wp-json\/wp\/v2\/media?parent=75"}],"curies":[{"name":"wp","href":"https:\/\/api.w.org\/{rel}","templated":true}]}}