{"id":90,"date":"2016-12-26T15:00:46","date_gmt":"2016-12-26T14:00:46","guid":{"rendered":"http:\/\/la-croix-du-verre.com\/?page_id=90"},"modified":"2016-12-28T14:22:14","modified_gmt":"2016-12-28T13:22:14","slug":"les-cepages","status":"publish","type":"page","link":"http:\/\/la-croix-du-verre.com\/index.php\/fr\/lexploitation-viticole\/les-cepages\/","title":{"rendered":"Les C\u00e9pages"},"content":{"rendered":"<p><strong>La Syrah<\/strong> est un c\u00e9page aux qualit\u00e9s exceptionnelles qui s&rsquo;exprime pleinement sur son terroir de pr\u00e9dilection. Les vins de Crozes-Hermitage ont une robe rouge intense avec une tr\u00e8s belle expression aromatique, aux notes de fruits noirs et rouges (cassis, framboise,&#8230;) avec des touches d&rsquo;\u00e9pices. En bouche, la mati\u00e8re et l&rsquo;\u00e9quilibre sont toujours soutenus par une belle pr\u00e9sence tannique.<\/p>\n<p><img decoding=\"async\" loading=\"lazy\" class=\"aligncenter wp-image-489 size-full\" src=\"http:\/\/la-croix-du-verre.com\/wp-content\/uploads\/2016\/12\/syrah.jpg\" width=\"227\" height=\"235\" \/><\/p>\n<p><strong>La Marsanne<\/strong> est un c\u00e9page g\u00e9n\u00e9reux majoritairement implant\u00e9. Les vins blancs en Crozes-Hermitage expriment leur qualit\u00e9 aromatique avec des nuances de fruits blancs et des touches florales (aub\u00e9pine, acacia&#8230;). En bouche, la rondeur est pr\u00e9sente avec une pointe de fra\u00eecheur relevant le final.<\/p>\n<p><img decoding=\"async\" loading=\"lazy\" class=\"size-full wp-image-491 aligncenter\" src=\"http:\/\/la-croix-du-verre.com\/wp-content\/uploads\/2016\/12\/marsanne.jpg\" alt=\"\" width=\"227\" height=\"228\" srcset=\"http:\/\/la-croix-du-verre.com\/wp-content\/uploads\/2016\/12\/marsanne.jpg 227w, http:\/\/la-croix-du-verre.com\/wp-content\/uploads\/2016\/12\/marsanne-150x150.jpg 150w\" sizes=\"(max-width: 227px) 100vw, 227px\" \/><\/p>\n","protected":false},"excerpt":{"rendered":"<p>La Syrah est un c\u00e9page aux qualit\u00e9s exceptionnelles qui s&rsquo;exprime pleinement sur son terroir de pr\u00e9dilection. Les vins de Crozes-Hermitage ont une robe rouge intense avec une tr\u00e8s belle expression aromatique, aux notes de fruits noirs et rouges (cassis, framboise,&#8230;) avec des touches d&rsquo;\u00e9pices. En bouche, la mati\u00e8re et l&rsquo;\u00e9quilibre sont toujours soutenus par une belle pr\u00e9sence tannique. La Marsanne est un c\u00e9page g\u00e9n\u00e9reux majoritairement implant\u00e9. Les vins blancs en Crozes-Hermitage expriment leur qualit\u00e9 aromatique avec des nuances de fruits&#8230;<\/p>\n<p class=\"read-more\"><a class=\"btn btn-default\" href=\"http:\/\/la-croix-du-verre.com\/index.php\/fr\/lexploitation-viticole\/les-cepages\/\">Lire la suite<span class=\"screen-reader-text\"> Lire la suite<\/span><\/a><\/p>\n","protected":false},"author":1,"featured_media":0,"parent":57,"menu_order":0,"comment_status":"closed","ping_status":"closed","template":"","meta":{"footnotes":""},"_links":{"self":[{"href":"http:\/\/la-croix-du-verre.com\/index.php\/wp-json\/wp\/v2\/pages\/90"}],"collection":[{"href":"http:\/\/la-croix-du-verre.com\/index.php\/wp-json\/wp\/v2\/pages"}],"about":[{"href":"http:\/\/la-croix-du-verre.com\/index.php\/wp-json\/wp\/v2\/types\/page"}],"author":[{"embeddable":true,"href":"http:\/\/la-croix-du-verre.com\/index.php\/wp-json\/wp\/v2\/users\/1"}],"replies":[{"embeddable":true,"href":"http:\/\/la-croix-du-verre.com\/index.php\/wp-json\/wp\/v2\/comments?post=90"}],"version-history":[{"count":3,"href":"http:\/\/la-croix-du-verre.com\/index.php\/wp-json\/wp\/v2\/pages\/90\/revisions"}],"predecessor-version":[{"id":492,"href":"http:\/\/la-croix-du-verre.com\/index.php\/wp-json\/wp\/v2\/pages\/90\/revisions\/492"}],"up":[{"embeddable":true,"href":"http:\/\/la-croix-du-verre.com\/index.php\/wp-json\/wp\/v2\/pages\/57"}],"wp:attachment":[{"href":"http:\/\/la-croix-du-verre.com\/index.php\/wp-json\/wp\/v2\/media?parent=90"}],"curies":[{"name":"wp","href":"https:\/\/api.w.org\/{rel}","templated":true}]}}