{"id":94,"date":"2016-12-26T15:02:17","date_gmt":"2016-12-26T14:02:17","guid":{"rendered":"http:\/\/la-croix-du-verre.com\/?page_id=94"},"modified":"2016-12-26T15:02:17","modified_gmt":"2016-12-26T14:02:17","slug":"les-vendanges","status":"publish","type":"page","link":"http:\/\/la-croix-du-verre.com\/index.php\/fr\/lexploitation-viticole\/les-vendanges\/","title":{"rendered":"Les Vendanges"},"content":{"rendered":"<p>Les vendanges ont g\u00e9n\u00e9ralement lieu mi-septembre. Elles s&rsquo;effectuent \u00e0 la main dans des bacs de 50 kg appel\u00e9s \u00ab\u00a0bennes\u00a0\u00bb afin de pr\u00e9server l&rsquo;int\u00e9grit\u00e9 du raisin. Les coteaux escarp\u00e9s sont une rude \u00e9preuve pour les porteurs de hottes.<\/p>\n<p>La vendange est rapidement emmen\u00e9e dans nos chais ou elle sera en partie \u00e9grapp\u00e9e, encuv\u00e9e puis refroidie afin de garder le maximum d&rsquo;ar\u00f4me et \u00e9viter ainsi son oxydation.<\/p>\n<p>Les vendanges sont encore dans notre domaine un moment de partage et de f\u00eate o\u00f9 tous les vendangeurs se retrouvent \u00e0\u00a0 midi autour d&rsquo;une bonne table pr\u00e9par\u00e9e par Maryline (difficile de se remettre au travail l&rsquo;apr\u00e8s-midi).<\/p>\n","protected":false},"excerpt":{"rendered":"<p>Les vendanges ont g\u00e9n\u00e9ralement lieu mi-septembre. Elles s&rsquo;effectuent \u00e0 la main dans des bacs de 50 kg appel\u00e9s \u00ab\u00a0bennes\u00a0\u00bb afin de pr\u00e9server l&rsquo;int\u00e9grit\u00e9 du raisin. Les coteaux escarp\u00e9s sont une rude \u00e9preuve pour les porteurs de hottes. La vendange est rapidement emmen\u00e9e dans nos chais ou elle sera en partie \u00e9grapp\u00e9e, encuv\u00e9e puis refroidie afin de garder le maximum d&rsquo;ar\u00f4me et \u00e9viter ainsi son oxydation. Les vendanges sont encore dans notre domaine un moment de partage et de f\u00eate o\u00f9&#8230;<\/p>\n<p class=\"read-more\"><a class=\"btn btn-default\" href=\"http:\/\/la-croix-du-verre.com\/index.php\/fr\/lexploitation-viticole\/les-vendanges\/\">Lire la suite<span class=\"screen-reader-text\"> Lire la suite<\/span><\/a><\/p>\n","protected":false},"author":1,"featured_media":0,"parent":57,"menu_order":0,"comment_status":"closed","ping_status":"closed","template":"","meta":{"footnotes":""},"_links":{"self":[{"href":"http:\/\/la-croix-du-verre.com\/index.php\/wp-json\/wp\/v2\/pages\/94"}],"collection":[{"href":"http:\/\/la-croix-du-verre.com\/index.php\/wp-json\/wp\/v2\/pages"}],"about":[{"href":"http:\/\/la-croix-du-verre.com\/index.php\/wp-json\/wp\/v2\/types\/page"}],"author":[{"embeddable":true,"href":"http:\/\/la-croix-du-verre.com\/index.php\/wp-json\/wp\/v2\/users\/1"}],"replies":[{"embeddable":true,"href":"http:\/\/la-croix-du-verre.com\/index.php\/wp-json\/wp\/v2\/comments?post=94"}],"version-history":[{"count":1,"href":"http:\/\/la-croix-du-verre.com\/index.php\/wp-json\/wp\/v2\/pages\/94\/revisions"}],"predecessor-version":[{"id":95,"href":"http:\/\/la-croix-du-verre.com\/index.php\/wp-json\/wp\/v2\/pages\/94\/revisions\/95"}],"up":[{"embeddable":true,"href":"http:\/\/la-croix-du-verre.com\/index.php\/wp-json\/wp\/v2\/pages\/57"}],"wp:attachment":[{"href":"http:\/\/la-croix-du-verre.com\/index.php\/wp-json\/wp\/v2\/media?parent=94"}],"curies":[{"name":"wp","href":"https:\/\/api.w.org\/{rel}","templated":true}]}}